{"id":766,"date":"2021-05-26T19:06:02","date_gmt":"2021-05-26T17:06:02","guid":{"rendered":"https:\/\/pfeiter.com\/?page_id=766"},"modified":"2025-03-27T08:20:37","modified_gmt":"2025-03-27T07:20:37","slug":"cegadatok","status":"publish","type":"page","link":"https:\/\/pfeiter.com\/en\/cegadatok\/","title":{"rendered":"Contact us"},"content":{"rendered":"<p>Pfeiter M\u00e9rn\u00f6kiroda Kereskedelmi \u00e9s Szolg\u00e1ltat\u00f3 Korl\u00e1tolt Felel\u0151ss\u00e9g\u0171 T\u00e1rsas\u00e1g <\/p>\n\n\n\n<p>Ad\u00f3sz\u00e1m: 29150269-2-11<\/p>\n\n\n\n<p>EU VAT number: HU29150269<\/p>\n\n\n\n<p>C\u00e9gjegyz\u00e9ksz\u00e1m: 11-09-030431<\/p>\n\n\n\n<p>&#8211;<\/p>\n\n\n\n<p><\/p>\n\n\n\n<p><\/p>\n\n\n\n<p>&#8222;Ipar\u00e1gi tapasztalattal \u00e9s m\u00e9rn\u00f6ki precizit\u00e1ssal t\u00e1mogatom \u00d6nt a hat\u00e9kony \u00e9s innovat\u00edv megold\u00e1sok megval\u00f3s\u00edt\u00e1s\u00e1ban. Legyen sz\u00f3 tervez\u00e9sr\u0151l, fejleszt\u00e9sr\u0151l vagy \u00fczemeltet\u00e9sr\u0151l, biztos kezekben tudhatja projektjeit!<\/p>\n\n\n\n<p><strong>Szolg\u00e1ltat\u00e1saim:<\/strong><br>\ud83d\udd39 M\u0171szaki tan\u00e1csad\u00e1s \u00e9s szak\u00e9rt\u0151i t\u00e1mogat\u00e1s<br>\ud83d\udd39 Egyedi alkatr\u00e9szek gy\u00e1rt\u00e1sa \u00e9s besz\u00e1ll\u00edt\u00e1sa<br>\ud83d\udd39 G\u00e9pek, szersz\u00e1mok \u00e9s k\u00e9sz\u00fcl\u00e9kek tervez\u00e9se<br>\ud83d\udd39 Fejlett CAD\/CAM szolg\u00e1ltat\u00e1sok<br>\ud83d\udd39 PLC \u00e9s HMI programoz\u00e1s<br>\ud83d\udd39 Villamos kapcsol\u00e1si tervek k\u00e9sz\u00edt\u00e9se (EPLAN)<br>\ud83d\udd39 G\u00e9ptelep\u00edt\u00e9sek t\u00e1mogat\u00e1sa, \u00fczemzavar-elh\u00e1r\u00edt\u00e1s<\/p>\n\n\n\n<p><strong>Professzion\u00e1lis megold\u00e1sok a hat\u00e9kony termel\u00e9s\u00e9rt!<\/strong>&#8222;<\/p>\n\n\n\n<p><\/p>\n\n\n\n<p><\/p>\n\n\n<div class=\"is-default-size wp-block-site-logo\"><a href=\"https:\/\/pfeiter.com\/en\/\" class=\"custom-logo-link\" rel=\"home\"><img loading=\"lazy\" decoding=\"async\" width=\"500\" height=\"123\" src=\"https:\/\/pfeiter.com\/wp-content\/uploads\/2021\/04\/2021-04-102.png\" class=\"custom-logo\" alt=\"PFEITER\" srcset=\"https:\/\/pfeiter.com\/wp-content\/uploads\/2021\/04\/2021-04-102.png 500w, https:\/\/pfeiter.com\/wp-content\/uploads\/2021\/04\/2021-04-102-300x74.png 300w, https:\/\/pfeiter.com\/wp-content\/uploads\/2021\/04\/2021-04-102-16x4.png 16w\" sizes=\"auto, (max-width: 500px) 100vw, 500px\" \/><\/a><\/div>\n\n\n<p><\/p>","protected":false},"excerpt":{"rendered":"<p>Pfeiter M\u00e9rn\u00f6kiroda Kereskedelmi \u00e9s Szolg\u00e1ltat\u00f3 Korl\u00e1tolt Felel\u0151ss\u00e9g\u0171 T\u00e1rsas\u00e1g Ad\u00f3sz\u00e1m: 29150269-2-11 K\u00f6z\u00f6ss\u00e9gi ad\u00f3sz\u00e1m: HU29150269 C\u00e9gjegyz\u00e9ksz\u00e1m: 11-09-030431 &#8211; &#8222;Ipar\u00e1gi tapasztalattal \u00e9s m\u00e9rn\u00f6ki precizit\u00e1ssal t\u00e1mogatom \u00d6nt a hat\u00e9kony \u00e9s innovat\u00edv megold\u00e1sok megval\u00f3s\u00edt\u00e1s\u00e1ban. Legyen sz\u00f3 tervez\u00e9sr\u0151l, fejleszt\u00e9sr\u0151l vagy \u00fczemeltet\u00e9sr\u0151l, biztos kezekben tudhatja projektjeit! Szolg\u00e1ltat\u00e1saim:\ud83d\udd39 M\u0171szaki tan\u00e1csad\u00e1s \u00e9s szak\u00e9rt\u0151i t\u00e1mogat\u00e1s\ud83d\udd39 Egyedi alkatr\u00e9szek gy\u00e1rt\u00e1sa \u00e9s besz\u00e1ll\u00edt\u00e1sa\ud83d\udd39 G\u00e9pek, szersz\u00e1mok \u00e9s k\u00e9sz\u00fcl\u00e9kek tervez\u00e9se\ud83d\udd39 [&hellip;]<\/p>\n","protected":false},"author":1,"featured_media":0,"parent":0,"menu_order":0,"comment_status":"closed","ping_status":"closed","template":"templates\/template-page-full-width.php","meta":{"content-type":"","footnotes":""},"class_list":["post-766","page","type-page","status-publish","hentry"],"_links":{"self":[{"href":"https:\/\/pfeiter.com\/en\/wp-json\/wp\/v2\/pages\/766","targetHints":{"allow":["GET"]}}],"collection":[{"href":"https:\/\/pfeiter.com\/en\/wp-json\/wp\/v2\/pages"}],"about":[{"href":"https:\/\/pfeiter.com\/en\/wp-json\/wp\/v2\/types\/page"}],"author":[{"embeddable":true,"href":"https:\/\/pfeiter.com\/en\/wp-json\/wp\/v2\/users\/1"}],"replies":[{"embeddable":true,"href":"https:\/\/pfeiter.com\/en\/wp-json\/wp\/v2\/comments?post=766"}],"version-history":[{"count":14,"href":"https:\/\/pfeiter.com\/en\/wp-json\/wp\/v2\/pages\/766\/revisions"}],"predecessor-version":[{"id":1244,"href":"https:\/\/pfeiter.com\/en\/wp-json\/wp\/v2\/pages\/766\/revisions\/1244"}],"wp:attachment":[{"href":"https:\/\/pfeiter.com\/en\/wp-json\/wp\/v2\/media?parent=766"}],"curies":[{"name":"wp","href":"https:\/\/api.w.org\/{rel}","templated":true}]}}