{"id":68,"date":"2021-02-14T13:00:07","date_gmt":"2021-02-14T13:00:07","guid":{"rendered":"https:\/\/pfeiter.com\/?page_id=68"},"modified":"2021-05-21T16:43:30","modified_gmt":"2021-05-21T14:43:30","slug":"kontakt","status":"publish","type":"page","link":"https:\/\/pfeiter.com\/en\/kontakt\/","title":{"rendered":"Request for quotation"},"content":{"rendered":"<p>You have a question or would you like to get a quotation? Contact us at <a href=\"mailto:info@pfeiter.com\">info@pfeiter.com<\/a> or fill out the form below. We will contact you in 24 hours.<\/p>\n\n\n\n\n\t\t\t\t\t\t<script>\n\t\t\t\t\t\t\twindow.hsFormsOnReady = window.hsFormsOnReady || [];\n\t\t\t\t\t\t\twindow.hsFormsOnReady.push(()=>{\n\t\t\t\t\t\t\t\thbspt.forms.create({\n\t\t\t\t\t\t\t\t\tportalId: 19619644,\n\t\t\t\t\t\t\t\t\tformId: \"ef4b4180-2f54-4129-8f1e-798e2909ec53\",\n\t\t\t\t\t\t\t\t\ttarget: \"#hbspt-form-1777920874000-2156981057\",\n\t\t\t\t\t\t\t\t\tregion: \"eu1\",\n\t\t\t\t\t\t\t\t\t\n\t\t\t\t\t\t\t})});\n\t\t\t\t\t\t<\/script>\n\t\t\t\t\t\t<div class=\"hbspt-form\" id=\"hbspt-form-1777920874000-2156981057\"><\/div>\n\n\n\n<p><\/p>","protected":false},"excerpt":{"rendered":"<p>K\u00e9rd\u00e9se van, aj\u00e1nlatot szeretne k\u00e9rni? \u00cdrjon nek\u00fcnk az info@pfeiter.com c\u00edmen, vagy t\u00f6ltse ki az al\u00e1bbi \u0171rlapot. 24 \u00f3r\u00e1n bel\u00fcl megkeress\u00fck v\u00e1laszunkkal.<\/p>","protected":false},"author":1,"featured_media":0,"parent":0,"menu_order":0,"comment_status":"closed","ping_status":"closed","template":"","meta":{"content-type":"","footnotes":""},"class_list":["post-68","page","type-page","status-publish","hentry"],"_links":{"self":[{"href":"https:\/\/pfeiter.com\/en\/wp-json\/wp\/v2\/pages\/68","targetHints":{"allow":["GET"]}}],"collection":[{"href":"https:\/\/pfeiter.com\/en\/wp-json\/wp\/v2\/pages"}],"about":[{"href":"https:\/\/pfeiter.com\/en\/wp-json\/wp\/v2\/types\/page"}],"author":[{"embeddable":true,"href":"https:\/\/pfeiter.com\/en\/wp-json\/wp\/v2\/users\/1"}],"replies":[{"embeddable":true,"href":"https:\/\/pfeiter.com\/en\/wp-json\/wp\/v2\/comments?post=68"}],"version-history":[{"count":0,"href":"https:\/\/pfeiter.com\/en\/wp-json\/wp\/v2\/pages\/68\/revisions"}],"wp:attachment":[{"href":"https:\/\/pfeiter.com\/en\/wp-json\/wp\/v2\/media?parent=68"}],"curies":[{"name":"wp","href":"https:\/\/api.w.org\/{rel}","templated":true}]}}