{"id":45,"date":"2021-02-14T12:01:38","date_gmt":"2021-02-14T12:01:38","guid":{"rendered":"https:\/\/pfeiter.com\/about-magyar\/"},"modified":"2025-07-08T15:31:50","modified_gmt":"2025-07-08T13:31:50","slug":"ceginfo","status":"publish","type":"page","link":"https:\/\/pfeiter.com\/en\/ceginfo\/","title":{"rendered":"About us"},"content":{"rendered":"<p>Megmozgatjuk a vil\u00e1got \u2013 M\u00e9rn\u00f6ki precizit\u00e1s, szenved\u00e9llyel!<\/p>\n\n\n\n<p>Jelmondatunk nem csup\u00e1n egy szlogen \u2013 <strong>ez a hitvall\u00e1sunk!<\/strong><br>100%-ban magyar tulajdon\u00fa v\u00e1llalkoz\u00e1sunk m\u00f6g\u00f6tt olyan tapasztalt m\u00e9rn\u00f6k\u00f6k \u00e1llnak, akik \u00e9vtizedes nemzetk\u00f6zi tapasztalattal a h\u00e1tuk m\u00f6g\u00f6tt elk\u00f6telezettek a gy\u00e1rt\u00e1s automatiz\u00e1l\u00e1s\u00e1nak \u00e9s moderniz\u00e1l\u00e1s\u00e1nak \u00fcgye mellett.<\/p>\n\n\n\n<p>C\u00e9lunk, hogy innovat\u00edv megold\u00e1sokkal seg\u00edts\u00fck partnereinket a termel\u00e9si hat\u00e9konys\u00e1g n\u00f6vel\u00e9s\u00e9ben, a k\u00f6lts\u00e9gek optimaliz\u00e1l\u00e1s\u00e1ban \u00e9s a munkaer\u0151hi\u00e1ny okozta kih\u00edv\u00e1sok lek\u00fczd\u00e9s\u00e9ben.<\/p>\n\n\n\n<hr class=\"wp-block-separator has-alpha-channel-opacity\"\/>\n\n\n\n<h2 class=\"wp-block-heading\">Mi\u00e9rt v\u00e1lasszon minket?<\/h2>\n\n\n\n<p>\u2705 <strong>M\u00e9rn\u00f6ki szenved\u00e9ly \u00e9s szak\u00e9rtelem<\/strong> \u2013 sz\u00e1munkra a munka nem csup\u00e1n feladat, hanem hivat\u00e1s<br>\u2705 <strong>Testreszabott megold\u00e1sok<\/strong> \u2013 minden projekt egyedi, ak\u00e1rcsak az \u00d6n ig\u00e9nyei<br>\u2705 <strong>Kiemelked\u0151 min\u0151s\u00e9g \u00e9s megb\u00edzhat\u00f3s\u00e1g<\/strong> \u2013 f\u00e9lmegold\u00e1sok n\u00e1lunk nem l\u00e9teznek<br>\u2705 <strong>Teljes k\u00f6r\u0171 t\u00e1mogat\u00e1s<\/strong> \u2013 a tervez\u00e9st\u0151l a kivitelez\u00e9sig, a be\u00fczemel\u00e9st\u0151l a karbantart\u00e1sig<\/p>\n\n\n\n<hr class=\"wp-block-separator has-alpha-channel-opacity\"\/>\n\n\n\n<h2 class=\"wp-block-heading\">Szolg\u00e1ltat\u00e1saink:<\/h2>\n\n\n\n<p>\ud83d\udd39 C\u00e9lg\u00e9pek \u00e9s szerel\u0151sorok tervez\u00e9se \u00e9s kivitelez\u00e9se<br>\ud83d\udd39 Ipari robotok integr\u00e1l\u00e1sa \u00e9s be\u00fczemel\u00e9se<br>\ud83d\udd39 K+F projektek m\u00e9rn\u00f6ki t\u00e1mogat\u00e1sa<br>\ud83d\udd39 Vez\u00e9rl\u0151szekr\u00e9nyek tervez\u00e9se \u00e9s gy\u00e1rt\u00e1sa<br>\ud83d\udd39 Gy\u00e1rt\u00f3sorok \u00e9s termel\u0151berendez\u00e9sek telep\u00edt\u00e9se<br>\ud83d\udd39 Karbantart\u00e1si rendszerek fejleszt\u00e9se<\/p>\n\n\n\n<p>\ud83d\udccc <strong>Megtervezz\u00fck, megval\u00f3s\u00edtjuk, be\u00fczemelj\u00fck \u00e9s karbantartjuk g\u00e9peit!!<\/strong><\/p>\n\n\n\n<hr class=\"wp-block-separator has-alpha-channel-opacity\"\/>\n\n\n\n<p>Induljunk el egy\u00fctt egy \u00faton, \u00e9s engedje, hogy megmozgassuk \u00d6nnek a vil\u00e1got!<\/p>\n\n\n\n<hr class=\"wp-block-separator has-alpha-channel-opacity\"\/>\n\n\n\n<h2 class=\"wp-block-heading\">\ud83e\udd1d Strat\u00e9giai partners\u00e9g a j\u00f6v\u0151 ipar\u00e1\u00e9rt \u2013 Pfeiter x GMIHU<\/h2>\n\n\n\n<p><strong>Megmozgatjuk a vil\u00e1got \u2013 M\u00e9rn\u00f6ki precizit\u00e1s, szenved\u00e9llyel!<\/strong><br>Ez nem csup\u00e1n szlogen, hanem k\u00fcldet\u00e9s\u00fcnk, amelyet mostant\u00f3l nemzetk\u00f6zi szinten is er\u0151s\u00edt\u00fcnk: \u00f6r\u00f6mmel jelentj\u00fck be, hogy strat\u00e9giai egy\u00fcttm\u0171k\u00f6d\u00e9sre l\u00e9pt\u00fcnk a <strong>GMIHU (Global Management &amp; Innovation Hub)<\/strong> csapat\u00e1val!<\/p>\n\n\n\n<hr class=\"wp-block-separator has-alpha-channel-opacity\"\/>\n\n\n\n<h3 class=\"wp-block-heading\">\ud83d\udd27 Pfeiter \u2013 A modern ipar motorja<\/h3>\n\n\n\n<p>100%-ban magyar tulajdon\u00fa v\u00e1llalkoz\u00e1sunk tapasztalt m\u00e9rn\u00f6kcsapata elk\u00f6telezett a gy\u00e1rt\u00e1s automatiz\u00e1l\u00e1sa, moderniz\u00e1l\u00e1sa \u00e9s hat\u00e9konys\u00e1gn\u00f6vel\u00e9se ir\u00e1nt.<br>Szolg\u00e1ltat\u00e1saink lefedik az ipari innov\u00e1ci\u00f3 teljes spektrum\u00e1t:<\/p>\n\n\n\n<ul class=\"wp-block-list\">\n<li>C\u00e9lg\u00e9pek \u00e9s szerel\u0151sorok tervez\u00e9se \u00e9s kivitelez\u00e9se<\/li>\n\n\n\n<li>Ipari robotok integr\u00e1l\u00e1sa \u00e9s be\u00fczemel\u00e9se<\/li>\n\n\n\n<li>K+F projektek m\u00e9rn\u00f6ki t\u00e1mogat\u00e1sa<\/li>\n\n\n\n<li>Vez\u00e9rl\u0151szekr\u00e9nyek gy\u00e1rt\u00e1sa<\/li>\n\n\n\n<li>Gy\u00e1rt\u00f3sorok telep\u00edt\u00e9se, karbantart\u00e1si rendszerek fejleszt\u00e9se<\/li>\n<\/ul>\n\n\n\n<hr class=\"wp-block-separator has-alpha-channel-opacity\"\/>\n\n\n\n<h3 class=\"wp-block-heading\">\ud83c\udf10 GMIHU \u2013 Glob\u00e1lis tud\u00e1s, helyi hat\u00e1s<\/h3>\n\n\n\n<p>A GMIHU egy nemzetk\u00f6zi menedzsment \u00e9s innov\u00e1ci\u00f3s tan\u00e1csad\u00f3 szervezet, amely az akad\u00e9miai kutat\u00e1sok, ipari tapasztalatok \u00e9s \u00fczleti strat\u00e9gi\u00e1k integr\u00e1ci\u00f3j\u00e1ra \u00e9p\u00edt.<br>Szakter\u00fcleteik k\u00f6z\u00e9 tartozik:<\/p>\n\n\n\n<ul class=\"wp-block-list\">\n<li>\u00dczleti strat\u00e9gia \u00e9s tan\u00e1csad\u00e1s<\/li>\n\n\n\n<li>Fenntarthat\u00f3 fejleszt\u00e9s \u00e9s digitaliz\u00e1ci\u00f3<\/li>\n\n\n\n<li>Innov\u00e1ci\u00f3menedzsment \u00e9s K+F t\u00e1mogat\u00e1s<\/li>\n<\/ul>\n\n\n\n<hr class=\"wp-block-separator has-alpha-channel-opacity\"\/>\n\n\n\n<h3 class=\"wp-block-heading\">\ud83d\ude80 K\u00f6z\u00f6s c\u00e9lunk:<\/h3>\n\n\n\n<p>Innovat\u00edv, integr\u00e1lt \u00e9s gyakorlatk\u00f6zpont\u00fa megold\u00e1sok biztos\u00edt\u00e1sa a gy\u00e1rt\u00f3ipar \u00e9s m\u00e1s szektorok sz\u00e1m\u00e1ra \u2013 a strat\u00e9giai gondolkod\u00e1st\u00f3l a kivitelez\u00e9sig.<\/p>\n\n\n\n<hr class=\"wp-block-separator has-alpha-channel-opacity\"\/>\n\n\n\n<p>\ud83d\udce9 <strong>Fedezze fel, hogyan mozd\u00edtjuk el\u0151re v\u00e1llalkoz\u00e1s\u00e1t \u2013 egy\u00fctt!<\/strong><br>\ud83d\udd17 <a class=\"\" href=\"https:\/\/pfeiter.com\/en\/\">pfeiter.com<\/a><br>\ud83d\udd17 <a class=\"\" href=\"https:\/\/gmihu.co.in\">gmihu.co.in<\/a><\/p>\n\n\n\n<hr class=\"wp-block-separator has-alpha-channel-opacity\"\/>\n\n\n\n<p>#Pfeiter #GMIHU #Strat\u00e9giaiPartners\u00e9g #Gy\u00e1rt\u00e1sAutomatiz\u00e1l\u00e1s #M\u00e9rn\u00f6kiPrecizit\u00e1s #Innov\u00e1ci\u00f3 #Ipar40 #Nemzetk\u00f6ziEgy\u00fcttm\u0171k\u00f6d\u00e9s<\/p>\n\n\n\n<hr class=\"wp-block-separator has-alpha-channel-opacity\"\/>\n\n\n\n<p>\ud83d\udce9 <strong>Vegye fel vel\u00fcnk a kapcsolatot most, \u00e9s fedezze fel, hogyan tehetj\u00fck hat\u00e9konyabb\u00e1 v\u00e1llalkoz\u00e1s\u00e1t!<\/strong><\/p>\n\n\n\n<p><\/p>","protected":false},"excerpt":{"rendered":"<p>Megmozgatjuk a vil\u00e1got \u2013 M\u00e9rn\u00f6ki precizit\u00e1s, szenved\u00e9llyel! Jelmondatunk nem csup\u00e1n egy szlogen \u2013 ez a hitvall\u00e1sunk!100%-ban magyar tulajdon\u00fa v\u00e1llalkoz\u00e1sunk m\u00f6g\u00f6tt olyan tapasztalt m\u00e9rn\u00f6k\u00f6k \u00e1llnak, akik \u00e9vtizedes nemzetk\u00f6zi tapasztalattal a h\u00e1tuk m\u00f6g\u00f6tt elk\u00f6telezettek a gy\u00e1rt\u00e1s automatiz\u00e1l\u00e1s\u00e1nak \u00e9s moderniz\u00e1l\u00e1s\u00e1nak \u00fcgye mellett. C\u00e9lunk, hogy innovat\u00edv megold\u00e1sokkal seg\u00edts\u00fck partnereinket a termel\u00e9si hat\u00e9konys\u00e1g n\u00f6vel\u00e9s\u00e9ben, a k\u00f6lts\u00e9gek optimaliz\u00e1l\u00e1s\u00e1ban \u00e9s a munkaer\u0151hi\u00e1ny [&hellip;]<\/p>\n","protected":false},"author":2,"featured_media":0,"parent":0,"menu_order":0,"comment_status":"closed","ping_status":"closed","template":"","meta":{"content-type":"","footnotes":""},"class_list":["post-45","page","type-page","status-publish","hentry"],"_links":{"self":[{"href":"https:\/\/pfeiter.com\/en\/wp-json\/wp\/v2\/pages\/45","targetHints":{"allow":["GET"]}}],"collection":[{"href":"https:\/\/pfeiter.com\/en\/wp-json\/wp\/v2\/pages"}],"about":[{"href":"https:\/\/pfeiter.com\/en\/wp-json\/wp\/v2\/types\/page"}],"author":[{"embeddable":true,"href":"https:\/\/pfeiter.com\/en\/wp-json\/wp\/v2\/users\/2"}],"replies":[{"embeddable":true,"href":"https:\/\/pfeiter.com\/en\/wp-json\/wp\/v2\/comments?post=45"}],"version-history":[{"count":13,"href":"https:\/\/pfeiter.com\/en\/wp-json\/wp\/v2\/pages\/45\/revisions"}],"predecessor-version":[{"id":1251,"href":"https:\/\/pfeiter.com\/en\/wp-json\/wp\/v2\/pages\/45\/revisions\/1251"}],"wp:attachment":[{"href":"https:\/\/pfeiter.com\/en\/wp-json\/wp\/v2\/media?parent=45"}],"curies":[{"name":"wp","href":"https:\/\/api.w.org\/{rel}","templated":true}]}}