{"id":390,"date":"2021-04-12T08:57:53","date_gmt":"2021-04-12T06:57:53","guid":{"rendered":"https:\/\/pfeiter.com\/?page_id=390"},"modified":"2025-03-26T17:20:27","modified_gmt":"2025-03-26T16:20:27","slug":"vezerlo-szekrenyek","status":"publish","type":"page","link":"https:\/\/pfeiter.com\/en\/vezerlo-szekrenyek\/","title":{"rendered":"Outsourcing"},"content":{"rendered":"<p><strong>Gy\u00e1rt\u00e1si Folyamatok Fejleszt\u00e9se \u2013 Hat\u00e9konys\u00e1g \u00e9s Innov\u00e1ci\u00f3<\/strong><\/p>\n\n\n\n<p>Csapatunk <strong>sz\u00e9lesk\u00f6r\u0171 ipari tapasztalattal<\/strong> \u00e1ll rendelkez\u00e9s\u00e9re, ha gy\u00e1rt\u00e1si folyamatait fejleszten\u00e9 vagy <strong>\u00fczem\u00e9nek hat\u00e9konys\u00e1g\u00e1t n\u00f6veln\u00e9<\/strong>. M\u00e9rn\u00f6keink multinacion\u00e1lis v\u00e1llalatok t\u00e1mogat\u00e1s\u00e1ban szerzett <strong>sok\u00e9ves szak\u00e9rtelm\u00e9vel<\/strong> seg\u00edtenek:<\/p>\n\n\n\n<p>\u2714 <strong>\u00daj gy\u00e1regys\u00e9gek m\u0171k\u00f6d\u00e9si alapjainak kidolgoz\u00e1s\u00e1ban<\/strong><br>\u2714 <strong>Megl\u00e9v\u0151, nem megfelel\u0151 hat\u00e1sfokkal m\u0171k\u00f6d\u0151 \u00fczemek moderniz\u00e1l\u00e1s\u00e1ban<\/strong><br>\u2714 <strong>A gy\u00e1rt\u00e1si folyamatok XXI. sz\u00e1zadi k\u00f6vetelm\u00e9nyekhez igaz\u00edt\u00e1s\u00e1ban<\/strong><\/p>\n\n\n\n<h3 class=\"wp-block-heading\"><strong>M\u0171szaki T\u00e1mogat\u00e1s \u2013 Teljes K\u00f6r\u0171 Szolg\u00e1ltat\u00e1sok<\/strong><\/h3>\n\n\n\n<p>\u2705 <strong>M\u0171szaki projektvezet\u00e9s<\/strong> \u2013 ipari beruh\u00e1z\u00e1sok \u00e9s fejleszt\u00e9sek lebonyol\u00edt\u00e1sa<br>\u2705 <strong>G\u00e9pek \u00e9s gy\u00e1rt\u00f3sorok telep\u00edt\u00e9s\u00e9nek koordin\u00e1l\u00e1sa<\/strong><br>\u2705 <strong>G\u00e9p\u00e1tv\u00e9telek szakmai lebonyol\u00edt\u00e1sa<\/strong><br>\u2705 <strong>\u00c9ves karbantart\u00e1si terv kidolgoz\u00e1sa \u00e9s v\u00e9grehajt\u00e1sa<\/strong> \u2013 a gy\u00e1rt\u00f3sorok hossz\u00fa t\u00e1v\u00fa megb\u00edzhat\u00f3s\u00e1g\u00e1\u00e9rt<br>\u2705 <strong>Tartal\u00e9kalkatr\u00e9sz-rakt\u00e1r k\u00f6lts\u00e9ghat\u00e9kony ki\u00e9p\u00edt\u00e9se<\/strong><br>\u2705 <strong>Gy\u00e1rt\u00f3sorok hat\u00e9kony felfuttat\u00e1sa<\/strong> \u2013 termel\u00e9si volumen optimaliz\u00e1l\u00e1sa<br>\u2705 <strong>CAD\/CAM services<\/strong> \u2013 prec\u00edz tervez\u00e9s \u00e9s gy\u00e1rt\u00e1si folyamatok t\u00e1mogat\u00e1sa<br>\u2705 <strong>PLC programming<\/strong> \u2013 modern vez\u00e9rl\u00e9sek fejleszt\u00e9se \u00e9s integr\u00e1l\u00e1sa<\/p>\n\n\n\n<h3 class=\"wp-block-heading\"><strong>Vegye fel vel\u00fcnk a kapcsolatot!<\/strong><\/h3>\n\n\n\n<p>Ha megb\u00edzhat\u00f3 ipari t\u00e1mogat\u00e1sra van sz\u00fcks\u00e9ge gy\u00e1ra fejleszt\u00e9s\u00e9hez vagy moderniz\u00e1l\u00e1s\u00e1hoz, keressen minket bizalommal a <strong>honlapon megadott el\u00e9rhet\u0151s\u00e9geinken!<\/strong><\/p>","protected":false},"excerpt":{"rendered":"<p>Gy\u00e1rt\u00e1si Folyamatok Fejleszt\u00e9se \u2013 Hat\u00e9konys\u00e1g \u00e9s Innov\u00e1ci\u00f3 Csapatunk sz\u00e9lesk\u00f6r\u0171 ipari tapasztalattal \u00e1ll rendelkez\u00e9s\u00e9re, ha gy\u00e1rt\u00e1si folyamatait fejleszten\u00e9 vagy \u00fczem\u00e9nek hat\u00e9konys\u00e1g\u00e1t n\u00f6veln\u00e9. M\u00e9rn\u00f6keink multinacion\u00e1lis v\u00e1llalatok t\u00e1mogat\u00e1s\u00e1ban szerzett sok\u00e9ves szak\u00e9rtelm\u00e9vel seg\u00edtenek: \u2714 \u00daj gy\u00e1regys\u00e9gek m\u0171k\u00f6d\u00e9si alapjainak kidolgoz\u00e1s\u00e1ban\u2714 Megl\u00e9v\u0151, nem megfelel\u0151 hat\u00e1sfokkal m\u0171k\u00f6d\u0151 \u00fczemek moderniz\u00e1l\u00e1s\u00e1ban\u2714 A gy\u00e1rt\u00e1si folyamatok XXI. sz\u00e1zadi k\u00f6vetelm\u00e9nyekhez igaz\u00edt\u00e1s\u00e1ban M\u0171szaki T\u00e1mogat\u00e1s \u2013 Teljes K\u00f6r\u0171 Szolg\u00e1ltat\u00e1sok [&hellip;]<\/p>\n","protected":false},"author":2,"featured_media":0,"parent":0,"menu_order":0,"comment_status":"closed","ping_status":"closed","template":"","meta":{"content-type":"","footnotes":""},"class_list":["post-390","page","type-page","status-publish","hentry"],"_links":{"self":[{"href":"https:\/\/pfeiter.com\/en\/wp-json\/wp\/v2\/pages\/390","targetHints":{"allow":["GET"]}}],"collection":[{"href":"https:\/\/pfeiter.com\/en\/wp-json\/wp\/v2\/pages"}],"about":[{"href":"https:\/\/pfeiter.com\/en\/wp-json\/wp\/v2\/types\/page"}],"author":[{"embeddable":true,"href":"https:\/\/pfeiter.com\/en\/wp-json\/wp\/v2\/users\/2"}],"replies":[{"embeddable":true,"href":"https:\/\/pfeiter.com\/en\/wp-json\/wp\/v2\/comments?post=390"}],"version-history":[{"count":11,"href":"https:\/\/pfeiter.com\/en\/wp-json\/wp\/v2\/pages\/390\/revisions"}],"predecessor-version":[{"id":1229,"href":"https:\/\/pfeiter.com\/en\/wp-json\/wp\/v2\/pages\/390\/revisions\/1229"}],"wp:attachment":[{"href":"https:\/\/pfeiter.com\/en\/wp-json\/wp\/v2\/media?parent=390"}],"curies":[{"name":"wp","href":"https:\/\/api.w.org\/{rel}","templated":true}]}}