{"id":384,"date":"2021-04-12T08:56:43","date_gmt":"2021-04-12T06:56:43","guid":{"rendered":"https:\/\/pfeiter.com\/?page_id=384"},"modified":"2025-03-26T11:21:06","modified_gmt":"2025-03-26T10:21:06","slug":"ipari-automatizalas","status":"publish","type":"page","link":"https:\/\/pfeiter.com\/en\/ipari-automatizalas\/","title":{"rendered":"Assembly machines"},"content":{"rendered":"<p><strong>Ipari Automatiz\u00e1l\u00e1s \u00e9s G\u00e9ptervez\u00e9s \u2013 Precizit\u00e1s \u00e9s Innov\u00e1ci\u00f3<\/strong><\/p>\n\n\n\n<p>A <strong>Pfeiter M\u00e9rn\u00f6kiroda Kft.<\/strong> tapasztalt m\u00e9rn\u00f6kcsapata <strong>ipari szerel\u0151sorok \u00e9s automata c\u00e9lg\u00e9pek fejleszt\u00e9s\u00e9ben<\/strong> ny\u00fajt \u00e1tfog\u00f3 megold\u00e1sokat. Sz\u00e9lesk\u00f6r\u0171 szak\u00e9rtelm\u00fcnkkel v\u00e1llaljuk:<\/p>\n\n\n\n<ul class=\"wp-block-list\">\n<li><strong>Automatiz\u00e1lt csavaroz\u00f3 g\u00e9pek<\/strong><\/li>\n\n\n\n<li><strong>Ellen\u00e1ll\u00e1s-hegeszt\u0151k, teszterek, pr\u00e9sek<\/strong><\/li>\n\n\n\n<li><strong>Kommut\u00e1tor eszterg\u00e1k, szerel\u0151g\u00e9pek<\/strong><\/li>\n\n\n\n<li><strong>Konvejor p\u00e1ly\u00e1k, elsz\u00edv\u00f3 berendez\u00e9sek<\/strong><\/li>\n<\/ul>\n\n\n\n<p><strong>Tervez\u00e9s\u00e9t, kivitelez\u00e9s\u00e9t, be\u00fczemel\u00e9s\u00e9t \u00e9s karbantart\u00e1s\u00e1t.<\/strong><\/p>\n\n\n\n<h3 class=\"wp-block-heading\"><strong>Ipari l\u00e9tes\u00edtm\u00e9nyek t\u00e1mogat\u00e1sa<\/strong><\/h3>\n\n\n\n<p>\u2714 <strong>Hibaelh\u00e1r\u00edt\u00e1s \u00e9s karbantart\u00e1s<\/strong> \u2013 Gyors \u00e9s hat\u00e9kony megold\u00e1sok \u00fczemi le\u00e1ll\u00e1sok minimaliz\u00e1l\u00e1s\u00e1ra.<br>\u2714 <strong>PLC programming<\/strong> \u2013 \u00c9vtizedes tapasztalattal v\u00e1llaljuk automatiz\u00e1lt rendszerek programoz\u00e1s\u00e1t \u00e9s fejleszt\u00e9s\u00e9t.<br>\u2714 <strong>\u00d6sszetett probl\u00e9m\u00e1k megold\u00e1sa<\/strong> \u2013 M\u00e9rn\u00f6keink k\u00e9pesek kih\u00edv\u00e1st jelent\u0151 fejleszt\u00e9si \u00e9s hibaelh\u00e1r\u00edt\u00e1si feladatok elv\u00e9gz\u00e9s\u00e9re.<\/p>\n\n\n\n<p>Ig\u00e9ny eset\u00e9n termel\u0151 berendez\u00e9seinek vez\u00e9rl\u0151programj\u00e1t <strong>archiv\u00e1ljuk \u00e9s biztons\u00e1gosan t\u00e1roljuk<\/strong> a zavartalan m\u0171k\u00f6d\u00e9s \u00e9rdek\u00e9ben.<\/p>\n\n\n\n<h3 class=\"wp-block-heading\"><strong>Egyedi g\u00e9pfejleszt\u00e9s a megrendel\u0151 ig\u00e9nyei szerint<\/strong><\/h3>\n\n\n\n<p><strong>\u00d6n megfogalmazza az elv\u00e1r\u00e1sokat \u2013 mi r\u00f6vid id\u0151n bel\u00fcl egy k\u00e9sz tervvel jelentkez\u00fcnk.<\/strong> A terv j\u00f3v\u00e1hagy\u00e1sa ut\u00e1n elk\u00e9sz\u00edtj\u00fck \u00e9s \u00fczembe helyezz\u00fck a teljes g\u00e9pet.<\/p>\n\n\n\n<p>\u2714 <strong>Szenzorok, kamer\u00e1k, ipari k\u00f3dolvas\u00f3k<\/strong> telep\u00edt\u00e9se \u00e9s programoz\u00e1sa.<br>\u2714 <strong>Pneumatikus egys\u00e9gek fejleszt\u00e9se<\/strong>, kapcsol\u00e1si tervek m\u00f3dos\u00edt\u00e1sa.<br>\u2714 <strong>G\u00e9ppark fel\u00faj\u00edt\u00e1sa \u00e9s moderniz\u00e1l\u00e1sa<\/strong> a hat\u00e9konys\u00e1g n\u00f6vel\u00e9se \u00e9rdek\u00e9ben.<br>\u2714 <strong>Manu\u00e1lis \u00e9s teljesen automatiz\u00e1lt szerel\u0151g\u00e9pek<\/strong> tervez\u00e9se \u00e9s kivitelez\u00e9se.<\/p>\n\n\n\n<h3 class=\"wp-block-heading\"><strong>Villamos tervez\u00e9s \u00e9s biztons\u00e1gtechnika<\/strong><\/h3>\n\n\n\n<p>A digit\u00e1lis tervez\u00e9s elengedhetetlen a modern iparban. M\u00e9rn\u00f6keink <strong>naprak\u00e9sz szoftverekkel dolgoznak<\/strong>, l\u00e9p\u00e9st tartva az <strong>Ipar 4.0<\/strong> fejl\u0151d\u00e9s\u00e9vel.<\/p>\n\n\n\n<p>\u2714 <strong>Teljes k\u00f6r\u0171 villamos tervdokument\u00e1ci\u00f3<\/strong> k\u00e9sz\u00edt\u00e9se termel\u0151berendez\u00e9sekhez.<br>\u2714 <strong>G\u00e9pek moderniz\u00e1l\u00e1sa \u00e9s biztons\u00e1gi fel\u00fclvizsg\u00e1lata<\/strong> \u2013 felt\u00e1rt hib\u00e1k kik\u00fcsz\u00f6b\u00f6l\u00e9s\u00e9re m\u00f3dos\u00edt\u00e1si javaslatot k\u00e9sz\u00edt\u00fcnk.<br>\u2714 <strong>\u00daj vez\u00e9rl\u00e9s tervez\u00e9se \u00e9s illeszt\u00e9se megl\u00e9v\u0151 rendszerekhez<\/strong> a hat\u00e9konys\u00e1g \u00e9s biztons\u00e1g n\u00f6vel\u00e9se \u00e9rdek\u00e9ben.<\/p>\n\n\n\n<p><strong>Sz\u00edvesen csatlakozunk fejleszt\u00e9si f\u00e1zisban l\u00e9v\u0151 projektekhez<\/strong>, tan\u00e1csad\u00e1ssal \u00e9s <strong>komplett villamos tervek elk\u00e9sz\u00edt\u00e9s\u00e9vel EPLAN rendszerben<\/strong>.<\/p>\n\n\n\n<h3 class=\"wp-block-heading\"><strong>Vegye fel vel\u00fcnk a kapcsolatot!<\/strong><\/h3>\n\n\n\n<p>Ha megb\u00edzhat\u00f3 m\u00e9rn\u00f6ki t\u00e1mogat\u00e1sra, egyedi fejleszt\u00e9sre vagy moderniz\u00e1ci\u00f3ra van sz\u00fcks\u00e9ge, <strong>keressen minket bizalommal<\/strong> a honlapon megadott el\u00e9rhet\u0151s\u00e9geken!<\/p>","protected":false},"excerpt":{"rendered":"<p>Ipari Automatiz\u00e1l\u00e1s \u00e9s G\u00e9ptervez\u00e9s \u2013 Precizit\u00e1s \u00e9s Innov\u00e1ci\u00f3 A Pfeiter M\u00e9rn\u00f6kiroda Kft. tapasztalt m\u00e9rn\u00f6kcsapata ipari szerel\u0151sorok \u00e9s automata c\u00e9lg\u00e9pek fejleszt\u00e9s\u00e9ben ny\u00fajt \u00e1tfog\u00f3 megold\u00e1sokat. Sz\u00e9lesk\u00f6r\u0171 szak\u00e9rtelm\u00fcnkkel v\u00e1llaljuk: Tervez\u00e9s\u00e9t, kivitelez\u00e9s\u00e9t, be\u00fczemel\u00e9s\u00e9t \u00e9s karbantart\u00e1s\u00e1t. Ipari l\u00e9tes\u00edtm\u00e9nyek t\u00e1mogat\u00e1sa \u2714 Hibaelh\u00e1r\u00edt\u00e1s \u00e9s karbantart\u00e1s \u2013 Gyors \u00e9s hat\u00e9kony megold\u00e1sok \u00fczemi le\u00e1ll\u00e1sok minimaliz\u00e1l\u00e1s\u00e1ra.\u2714 PLC programoz\u00e1s \u2013 \u00c9vtizedes tapasztalattal v\u00e1llaljuk automatiz\u00e1lt rendszerek programoz\u00e1s\u00e1t [&hellip;]<\/p>\n","protected":false},"author":2,"featured_media":0,"parent":0,"menu_order":0,"comment_status":"closed","ping_status":"closed","template":"","meta":{"content-type":"","footnotes":""},"class_list":["post-384","page","type-page","status-publish","hentry"],"_links":{"self":[{"href":"https:\/\/pfeiter.com\/en\/wp-json\/wp\/v2\/pages\/384","targetHints":{"allow":["GET"]}}],"collection":[{"href":"https:\/\/pfeiter.com\/en\/wp-json\/wp\/v2\/pages"}],"about":[{"href":"https:\/\/pfeiter.com\/en\/wp-json\/wp\/v2\/types\/page"}],"author":[{"embeddable":true,"href":"https:\/\/pfeiter.com\/en\/wp-json\/wp\/v2\/users\/2"}],"replies":[{"embeddable":true,"href":"https:\/\/pfeiter.com\/en\/wp-json\/wp\/v2\/comments?post=384"}],"version-history":[{"count":13,"href":"https:\/\/pfeiter.com\/en\/wp-json\/wp\/v2\/pages\/384\/revisions"}],"predecessor-version":[{"id":1227,"href":"https:\/\/pfeiter.com\/en\/wp-json\/wp\/v2\/pages\/384\/revisions\/1227"}],"wp:attachment":[{"href":"https:\/\/pfeiter.com\/en\/wp-json\/wp\/v2\/media?parent=384"}],"curies":[{"name":"wp","href":"https:\/\/api.w.org\/{rel}","templated":true}]}}